{"id":465,"date":"2023-01-30T12:37:04","date_gmt":"2023-01-30T12:37:04","guid":{"rendered":"http:\/\/stari.jerteh.rs\/?page_id=465"},"modified":"2023-11-27T13:46:57","modified_gmt":"2023-11-27T13:46:57","slug":"seminar-materials","status":"publish","type":"page","link":"https:\/\/jerteh.rs\/index.php\/en\/seminar-materials\/","title":{"rendered":"Seminar materials"},"content":{"rendered":"\n<h2 class=\"wp-block-heading\">2023<\/h2>\n\n\n\n<ul class=\"wp-block-list\">\n<li>23.11.2023 &#8220;<strong>Theoretical and methodological framework for building an electronic corpus of Serbian medieval charters and letters<\/strong>&#8221; &#8211; Vladimir Polomac, <em>Serbian Language Department, Faculty of Philology and Arts, University of Kragujevac<\/em> <a href=\"https:\/\/jerteh.rs\/wp-content\/uploads\/2023\/11\/\u0412.\u041f\u043e\u043b\u043e\u043c\u0430\u0446.-\u0408\u0435\u0420\u0422\u0435\u0445-2023.pdf\">[pdf]<\/a><\/li>\n\n\n\n<li>19.10.2023 &#8220;<strong>Serbian Web Corpus PDRS: Concept, Construction, Characteristics, and Perspectives<\/strong>&#8221; &#8211; Philipp Wasserscheidt &#8211; <em>Humboldt-Universit\u00e4t zu Berlin<em> <\/em><\/em><a href=\"https:\/\/jerteh.rs\/wp-content\/uploads\/2023\/06\/jezicki-modeli.pdf\" target=\"_blank\" rel=\"noreferrer noopener\"><\/a><a href=\"https:\/\/jerteh.rs\/wp-content\/uploads\/2023\/11\/prezentacija-jerteh.pdf\" target=\"_blank\" rel=\"noreferrer noopener\">[pdf]<\/a><\/li>\n\n\n\n<li>20.06.2023 &#8220;<strong>Composite pseudogrammars based on parallel language models of Serbian<\/strong>&#8221; &#8211; Mihailo \u0160kori\u0107 &#8211; <em><em>University of Belgrade, Faculty of Mining and Geology<\/em><\/em> <a rel=\"noreferrer noopener\" href=\"https:\/\/jerteh.rs\/wp-content\/uploads\/2023\/06\/jezicki-modeli.pdf\" target=\"_blank\">[pdf]<\/a><\/li>\n\n\n\n<li>25.05.2023 &#8220;<strong>The role of moral and emotional components of the language in conversational text classification<\/strong>&#8221; &#8211; Milena \u0160o\u0161i\u0107 &#8211;<em> University of Belgrade, Faculty of Mathematics <\/em><a rel=\"noreferrer noopener\" href=\"https:\/\/jerteh.rs\/wp-content\/uploads\/2023\/05\/moralne_emocionalne_komponente_jezika.pdf\" target=\"_blank\">[pdf]<\/a><\/li>\n\n\n\n<li>27.04.2023 &#8220;<strong>ITALSERB corpus annotation<\/strong>&#8221; &#8211; Nikola Jankovi\u0107 &#8211;<em> University of Belgrade, Faculty of Philology <\/em><a href=\"https:\/\/jerteh.rs\/wp-content\/uploads\/2023\/05\/Anotacija-ITALSERB-korpusa-skracena-verzija.pdf\">[pdf]<\/a><\/li>\n\n\n\n<li>27.04.2023 &#8220;<strong>The ITALSERB speech corpus of serbophone students of Italian<\/strong>&#8221; &#8211; Nevena Cekovi\u0107 &#8211;<em> University of Belgrade, Faculty of Philology<em> <\/em><\/em><a href=\"https:\/\/jerteh.rs\/wp-content\/uploads\/2023\/05\/Cekovic-2023-ITALSERB-za-Jerteh-SHORT.pdf\">[pdf]<\/a><\/li>\n<\/ul>\n\n\n\n<h3 class=\"wp-block-heading\">2022<\/h3>\n\n\n\n<ul class=\"wp-block-list\">\n<li>29.12.2022 &#8220;<strong>SrpKor 4.0 &#8211; an overview and functionalities<\/strong>&#8221; &#8211; Ranka Stankovi\u0107, <em><em>University of Belgrade, Faculty of Mining and Geology<\/em><\/em> <a rel=\"noreferrer noopener\" href=\"http:\/\/stari.jerteh.rs\/wp-content\/uploads\/2023\/01\/Jerteh-SrpKor2021-i-dodaciRanka.pdf\" target=\"_blank\">[<\/a><a href=\"https:\/\/jerteh.rs\/wp-content\/uploads\/2023\/01\/Jerteh-SrpKor2021-i-dodaciRanka.pdf\" data-type=\"URL\" data-id=\"https:\/\/jerteh.rs\/wp-content\/uploads\/2023\/01\/Jerteh-SrpKor2021-i-dodaciRanka.pdf\" target=\"_blank\" rel=\"noreferrer noopener\">pdf<\/a><a rel=\"noreferrer noopener\" href=\"http:\/\/stari.jerteh.rs\/wp-content\/uploads\/2023\/01\/Jerteh-SrpKor2021-i-dodaciRanka.pdf\" target=\"_blank\">]<\/a><\/li>\n\n\n\n<li>29.12.2022 &#8220;<strong>On Serbian corpora and corpora of Serbian language, especially web-corpora<\/strong>&#8221; &#8211; Du\u0161ko Vitas, <em>Languages Resources and Technologies Society<\/em> <a href=\"https:\/\/jerteh.rs\/wp-content\/uploads\/2023\/01\/jerteh-vitas.pdf\" data-type=\"URL\" data-id=\"https:\/\/jerteh.rs\/wp-content\/uploads\/2023\/01\/jerteh-vitas.pdf\" target=\"_blank\" rel=\"noreferrer noopener\">[pdf]<\/a><\/li>\n\n\n\n<li>20.10.2022 &#8220;<strong>It-Sr-NER: CLARIN compatible NER and geoparsing web services for parallel texts: case study Italian and Serbian<\/strong>&#8221; &#8211; Olja Peri\u0161i\u0107, <em>Universit\u00e0 degli Studi di Torino&nbsp;<\/em>and<em> <\/em>JeRTeh team&nbsp;<a href=\"https:\/\/jerteh.rs\/wp-content\/uploads\/2022\/10\/Id-Sr-NER-Jerteh-seminar-presentation.pdf\">[pdf]<\/a><\/li>\n\n\n\n<li>07.07.2022 &#8220;<strong>Trending on&nbsp;LREC2022<\/strong>&#8221; &#8211;&nbsp;Ranka Stankovi\u0107, <em>University of Belgrade, Faculty of Mining and Geology<\/em> <a href=\"https:\/\/jerteh.rs\/wp-content\/uploads\/2022\/07\/LREC2022-Jerteh-seminar.pdf\">[pdf]<\/a><\/li>\n\n\n\n<li>16.06.2022 &#8220;<strong>Scientific potential of learner corpus&nbsp;<em>ICLE v3<\/em>&nbsp;on its serbophone component<\/strong>&#8221; &#8211; Jelena Markovi\u0107 &#8211; University of East Sarajevo, Faculty of Philosophy&nbsp;<a href=\"https:\/\/jerteh.rs\/wp-content\/uploads\/2022\/06\/JM_Jerteh2022.pdf\">[pdf]<\/a><\/li>\n\n\n\n<li>9.5.2022 &#8220;<strong>BulFrame: A new resource built on FrameNet and WordNet<\/strong>&#8221; &#8211; Svetla Koeva &#8211; <em>Department of Computational Linguistics, Institute for Bulgarian Language &#8211; Bulgarian Academy of Sciences<\/em>&nbsp;<a href=\"https:\/\/jerteh.rs\/wp-content\/uploads\/2022\/05\/Svetla-Koeva-Belgrade-05.05.pdf\">[pdf]<\/a><\/li>\n<\/ul>\n\n\n\n<h2 class=\"wp-block-heading\">2021<\/h2>\n\n\n\n<ul class=\"wp-block-list\">\n<li>25.11.2021 &#8220;<strong>The semantic structure of a good hearty meal<\/strong>&#8221; &#8211;&nbsp;Stella Markantonatou&nbsp;&#8211;&nbsp;<em>Institute for Language and Speech Processing \/R.C. &#8220;Athena&#8221;<\/em> <a href=\"https:\/\/jerteh.rs\/wp-content\/uploads\/2021\/11\/Ontology.pdf\">[Abstract]<\/a><a href=\"https:\/\/jerteh.rs\/wp-content\/uploads\/2021\/11\/stella-beograd-presentation.pptx\">[pptx]<\/a>18.10.2021 &#8220;<strong>Multimedia databases in managing intagible cultural heritage<\/strong>&#8221; &#8211; Ivana Toma\u0161evi\u0107,&nbsp;Faculty of Mathematics, University of Belgrade <a href=\"https:\/\/jerteh.rs\/wp-content\/uploads\/2021\/11\/IvanaTomasevicJeRTehSeminarOktobar2021.pdf\">[pdf]<\/a><\/li>\n\n\n\n<li>10.06.2021. &#8220;<strong>Katabase: In Search of Lost Manuscripts<\/strong>&#8221; &#8211; Ljudmila Petkovi\u0107, University of Geneva, Switzerland <a href=\"https:\/\/jerteh.rs\/wp-content\/uploads\/2021\/06\/Katabase_slides.pdf\">[pdf]<\/a><\/li>\n\n\n\n<li>20.05.2021. &#8220;<strong>Language corpora in didactics of Serbian language as a foreign language<\/strong>&#8221; &#8211; Dr Olja Peri\u0161i\u0107, Universit\u00e0 di Torino <a href=\"https:\/\/jerteh.rs\/wp-content\/uploads\/2021\/05\/Seminar-Beograd-Jerteh_Perisic.pdf\">[pdf]<\/a><\/li>\n\n\n\n<li>18.02.2021. &#8220;<strong>Trends\/Actual topis at Joint Workshop on Multiword Expressions and Electronic Lexicons (MWE-LEX 2020) COLING 2020<\/strong>&#8221; &#8211; Prof. Dr. Jelena Mitrovi\u0107, Faculty of Computer Science and Mathematics of the University of Passau, Germany. <a href=\"https:\/\/jerteh.rs\/wp-content\/uploads\/2021\/02\/MWE-LEX.pdf\">[pdf]<\/a><\/li>\n\n\n\n<li>04.02.2021. &#8220;<strong>PARSEME corpora: Annotating verbal multiword<\/strong> <strong>expressions in a multilingual framework<\/strong>&#8221; &#8211; Prof. Dr. Agata Savary,&nbsp;Associate professor at the University of Tours <a href=\"https:\/\/jerteh.rs\/wp-content\/uploads\/2021\/02\/2021-02-14-JeRTeh-Belgrade.pdf\">[pdf]<\/a><\/li>\n\n\n\n<li>04.12.2020. &#8220;<strong>Linked Open Data<\/strong>&#8221; &#8211; Lazar Davidovi\u0107, University of Belgrade, Intelligent Systems, PhD student <a href=\"https:\/\/jerteh.rs\/wp-content\/uploads\/2021\/02\/Rukovanje-otvorenim-povezanim-podacima-na-primeru-Infoteke-uz-Viki-podatke-SPARQL-upite-i-Virtuoso-pristupne-ta\u010dke-1.pptx\">[pdf]<\/a><\/li>\n\n\n\n<li>06.11.2020. &#8220;<strong>From Word2Vec to Dict2Vec &#8211; learning word vector representations using dictionaries<\/strong>&#8221; &#8211; Marko Putnikovi\u0107, University of Belgrade, Intelligent Systems, PhD student <a href=\"https:\/\/jerteh.rs\/wp-content\/uploads\/2021\/02\/Dict2Vec-JertehPrezentacija.pptx\">[pdf]<\/a><\/li>\n\n\n\n<li>24.12.2019 &#8220;<strong>Food as text<\/strong>&#8221; &#8211; Du\u0161ko Vitas,&nbsp;Faculty of Mathematics, University of Belgrade&nbsp;<a href=\"https:\/\/jerteh.rs\/wp-content\/uploads\/2019\/12\/jerteh-seminarVitas.pdf\">[pdf]<\/a><\/li>\n\n\n\n<li>25.10.2019 &#8220;<strong><em>MetaForum 2019&nbsp;\u2013 Introducing the European Language Grid<\/em><\/strong>&#8221; &#8211; Cvetana Krstev,&nbsp;University of Belgrade Faculty of Philology <a href=\"https:\/\/jerteh.rs\/wp-content\/uploads\/2019\/11\/ELG.pdf\">[pdf]<\/a><\/li>\n\n\n\n<li>25.10.2019 &#8220;<strong><em>eLex2019&nbsp;\u2013&nbsp;Electronic Lexicography: Smart Lexicography<\/em><\/strong>&#8221; &#8211;&nbsp;Ranka Stankovi\u0107, University of Belgrade, Faculty of Mining and Geology <a href=\"https:\/\/jerteh.rs\/wp-content\/uploads\/2019\/11\/ELEX2019-PrikazKonferencije.pdf\">[pdf]<\/a><\/li>\n\n\n\n<li>25.10.2019 &#8220;<strong>Summer School&nbsp; Recent Advances in Natural Language Processing &#8211;&nbsp;<em>RANLP\u201919<\/em><\/strong>&#8221; &#8211;&nbsp;Branislava \u0160andrih, University of Belgrade Faculty of Philology <a href=\"https:\/\/jerteh.rs\/wp-content\/uploads\/2019\/11\/RANLP_2019_online.pdf\" target=\"_blank\" rel=\"noreferrer noopener\">[pdf]<\/a><\/li>\n\n\n\n<li>28.03.2019 &#8220;<strong>Language treasure that we saved<\/strong> &#8211;<strong>&nbsp;the tool for management of the material for SASA dictionary<\/strong>&#8221; &#8211; Rada Stijovi\u0107, Institute for the Serbian Language of SASA&nbsp;<a href=\"http:\/\/www.isj.sanu.ac.rs\/2019\/03\/29\/%D0%BF%D1%80%D0%B5%D0%B4%D0%B0%D0%B2%D0%B0%D1%9A%D0%B5-%D1%98%D0%B5%D0%B7%D0%B8%D1%87%D0%BA%D0%BE-%D0%B1%D0%BB%D0%B0%D0%B3%D0%BE-%D0%BA%D0%BE%D1%98%D0%B5-%D1%81%D0%BC%D0%BE-%D1%81%D0%B0%D1%87%D1%83\/\">[ISJ website]<\/a><\/li>\n\n\n\n<li>28.03.2019 &#8220;<strong>EnetCollect COST action &#8211; news from the third annual meeting<\/strong>&#8221; &#8211; Branislava \u0160andrih, University of Belgrade Faculty of Philology&nbsp;<a href=\"https:\/\/jerteh.rs\/wp-content\/uploads\/2019\/03\/enetCollect.pdf\" target=\"_blank\" rel=\"noreferrer noopener\">[pdf]<\/a><\/li>\n<\/ul>\n\n\n\n<h3 class=\"wp-block-heading\">2018<\/h3>\n\n\n\n<ul class=\"wp-block-list\">\n<li>20.12.2018 &#8220;<strong>Galway Training School 2018<\/strong>&#8221; &#8211; Mihailo \u0160kori\u0107, University of Belgrade, Faculty of Mining and Geology <a href=\"https:\/\/jerteh.rs\/wp-content\/uploads\/2018\/12\/galvej18.pdf\" target=\"_blank\" rel=\"noreferrer noopener\">[pdf]<\/a><\/li>\n\n\n\n<li>20.12.2018 &#8220;<strong>Lexical Data Masterclass 2018<\/strong>&#8221; &#8211; Biljana Lazi\u0107, University of Belgrade, Faculty of Mining and Geology <a href=\"https:\/\/jerteh.rs\/wp-content\/uploads\/2018\/12\/Jerteh_lexmc2018.pdf\" target=\"_blank\" rel=\"noreferrer noopener\">[pdf]<\/a><\/li>\n\n\n\n<li>10.12.2018 &#8220;<strong>Quantitative analysis of syllables in Slavic languages (Russian, Slovak, Serbian)<\/strong>&#8221; &#8211; J\u00e1n Ma\u010dutek, Department of Applied Mathematics and Statistics Faculty of Mathematics, Physics and Informatics<br>Comenius University in Bratislava <a href=\"https:\/\/jerteh.rs\/wp-content\/uploads\/2018\/12\/beograd_presentation_macutek_syllables.pdf\" target=\"_blank\" rel=\"noreferrer noopener\">[pdf]<\/a><\/li>\n\n\n\n<li>22.11.2018 Lecture&#8221;<strong>Digital library 100 Serbian novels crowdsourcing<\/strong>&#8221; <em>professor Faculty of Philology<\/em> <strong>Cvetana Krstev<\/strong>: presentation of the COST action D-reading &#8211; presentation of the European Literary Text Collection (ELTeC) corpus &#8211; the beginning of a volunteer work action reading and correction of the novel for the corpus. <a rel=\"noreferrer noopener\" href=\"https:\/\/jerteh.rs\/wp-content\/uploads\/2018\/11\/100romana.pdf\" target=\"_blank\">[pdf]<\/a> <a rel=\"noreferrer noopener\" href=\"https:\/\/jerteh.rs\/wp-content\/uploads\/2018\/11\/ELTeC12.zip\" target=\"_blank\">[\u0441\u0442\u0438\u043b\u043e\u0432\u0438 ELTeC12.zip]<\/a><\/li>\n\n\n\n<li>21.06.2018 &#8220;<strong>LREC2018 report<\/strong>&#8221; &#8211; Ranka Stankovi\u0107,<em> University of Belgrade, Faculty of Mining and Geology<\/em> <a rel=\"noreferrer noopener\" href=\"https:\/\/jerteh.rs\/wp-content\/uploads\/2018\/06\/LREC20184Jerteh.pdf\" target=\"_blank\">[pdf]<\/a><\/li>\n\n\n\n<li>21.06.2018 <strong>Electronic dictionaries \u2013 from DELA files to Lexical Database<\/strong> &#8211; Biljana Lazi\u0107, <em>University of Belgrade, Faculty of Mining and Geology<\/em> <a rel=\"noreferrer noopener\" href=\"https:\/\/jerteh.rs\/wp-content\/uploads\/2018\/06\/jerteh_21_06_2018.pdf\" target=\"_blank\">[pdf]<\/a><\/li>\n\n\n\n<li>24.05.2018 <strong>COST action &#8211; d-learning; workshop on digitalization<\/strong>&nbsp;&#8211; Jelena Andonovski, <em>University Library &#8220;Svetozar Markovi\u0107&#8221;<\/em>&nbsp;<a href=\"https:\/\/jerteh.rs\/wp-content\/uploads\/2018\/06\/Andonovski_jerteh-prezentacija.pptx\">[ppt]<\/a><\/li>\n\n\n\n<h3 class=\"wp-block-heading\">2017<\/h3>\n\n\n\n<li>30.11.2017 <strong>Automatic alignment of Serbian-English bilingual texts<\/strong> &#8211; Danica Seni\u010di\u0107, <em>Catholic University of Leuven, Leuven<\/em> <a rel=\"noreferrer noopener\" href=\"https:\/\/jerteh.rs\/wp-content\/uploads\/2017\/12\/automatizacija-paralelizacije.pdf\" target=\"_blank\">[pdf]<\/a><\/li>\n\n\n\n<li>25.05.2017 <strong>Adjectival attributes with the nouns &#8220;\u010dovek&#8221;, &#8220;\u017eena&#8221;, &#8220;mu\u0161karac&#8221; and &#8220;mu\u017e&#8221;<\/strong> &#8211; Marija Panti\u0107, <em>University of Belgrade, Faculty of Philology <\/em><a rel=\"noreferrer noopener\" href=\"https:\/\/jerteh.rs\/wp-content\/uploads\/2019\/03\/Pridevski-atributi.pdf\" target=\"_blank\">[pdf]<\/a><\/li>\n\n\n\n<li>20.04.2017 <strong>ROmeka@RGF \u2013 Digital Libraries in Mining and Geology<\/strong> &#8211; Aleksandra Toma\u0161evi\u0107, Biljana Lazi\u0107, Dalibor Vorkapi\u0107, Nikola Vulovi\u0107, <em>University of Belgrade, Faculty of Mining and Geology<\/em> <a rel=\"noreferrer noopener\" href=\"https:\/\/jerteh.rs\/wp-content\/uploads\/2017\/05\/ROmeka.ppsx\" target=\"_blank\">[pptx]<\/a><\/li>\n\n\n\n<li>30.03.2017 <strong>National Repository for Agricultural Education Development<\/strong> &#8211; Vesna Poleksi\u0107, Goran Topisirovi\u0107, <em>University of Belgrade, Faculty of Agriculture<\/em> <a rel=\"noreferrer noopener\" href=\"https:\/\/prezi.com\/hlgfzxy-7hqv\/nara-za-jerteh\/\" target=\"_blank\">[prezi]<\/a><\/li>\n\n\n\n<h3 class=\"wp-block-heading\">2016<\/h3>\n\n\n\n<li>22.12.2016 <strong>Automatic building and processing of a corpus for a morphological research<\/strong> &#8211; Danilo Aleksi\u0107, <em>University of Belgrade, Faculty of Philology<\/em> <a rel=\"noreferrer noopener\" href=\"https:\/\/jerteh.rs\/wp-content\/uploads\/2016\/03\/Automatsko-prikupljanje.pdf\" target=\"_blank\">[pdf]<\/a><\/li>\n\n\n\n<li>22.12.2016 <strong>Evaluation of the Semantic Tags in Manually Tagged Corpora<\/strong> &#8211; Miljana Mladenovi\u0107, <em>University of Belgrade, Faculty of Mathematics<\/em> <a rel=\"noreferrer noopener\" href=\"https:\/\/jerteh.rs\/wp-content\/uploads\/2017\/01\/seminarJerteh_122016.pdf\" target=\"_blank\">[pdf]<\/a><\/li>\n\n\n\n<li>24.11.2016 <strong>Modelling and Search for Unstructured Data and Text Documents of e-Government Republic of Serbia<\/strong> &#8211; Vojkan Nikoli\u0107, <em>Ministry of Interior<\/em> <a rel=\"noreferrer noopener\" href=\"https:\/\/jerteh.rs\/wp-content\/uploads\/2017\/01\/DD_IT_Vojkan_Nikolic-Rev-4.pdf\" target=\"_blank\">[pdf]<\/a><\/li>\n\n\n\n<li>27.10. 2016 &#8211; <strong>Concordances application in language acquisition: methods and perspectives<\/strong> \u2013 Zoran Ristovi\u0107, <em>Faculty of Philology, University of Belgrade<\/em><a rel=\"noreferrer noopener\" href=\"https:\/\/jerteh.rs\/wp-content\/uploads\/2016\/11\/Ristovic_PKNSJ.pdf\" target=\"_blank\"> <\/a><a rel=\"noreferrer noopener\" href=\"https:\/\/jerteh.rs\/wp-content\/uploads\/2016\/11\/Ristovic_PKNSJ.pdf\" target=\"_blank\">[pdf]<\/a><\/li>\n\n\n\n<li>16. 06. 2016 &#8211; <strong>Tree grammar and automatic syntactic analysis of Serbian<\/strong> \u2013 Bojana \u0110or\u0111evi\u0107, <em>Faculty of Philology, University of Belgrade<\/em> <a rel=\"noreferrer noopener\" href=\"https:\/\/jerteh.rs\/wp-content\/uploads\/2016\/09\/Gramatika-stabala.pdf\" target=\"_blank\">[pdf]<\/a><\/li>\n\n\n\n<li>19.05.2016 &#8211; <strong>Library and Information Science Terminology<\/strong> &#8211; Aleksandra Trtovac, <em>University Library &#8220;Svetozar Markovi\u0107&#8221;<\/em> <a rel=\"noreferrer noopener\" href=\"https:\/\/jerteh.rs\/wp-content\/uploads\/2016\/05\/Terminologija_AT.pdf\" target=\"_blank\">[pdf]<\/a><\/li>\n\n\n\n<li>21.04.2016 \u2013 <strong>Multilingual Corpus in Foreign Language Teaching: Possibilities and Perspectives<\/strong> &#8211; Zoran Ristanovi\u0107, <em>Elementary School &#8220;Mito Igumanovi\u0107&#8221; in Kosjeri\u0107, Faculty of Philology University of Belgrade<\/em> <a rel=\"noreferrer noopener\" href=\"https:\/\/jerteh.rs\/wp-content\/uploads\/2016\/04\/jerteh_PVKNS_Ristovic_21_04.pdf\" target=\"_blank\">[pdf]<\/a> Video material: <a rel=\"noreferrer noopener\" href=\"https:\/\/www.youtube.com\/watch?v=LXfw4AEysNU\" target=\"_blank\">Corpus powered learning &#8211; Aligned Corpora in Language Teaching<\/a><\/li>\n\n\n\n<li>24.03.2016 &#8211; <strong>Terminology Extraction in Serbian Language<\/strong> &#8211; Ranka Stankovi\u0107, <em>Faculty of Mining and geology University of Belgrade<\/em> <a rel=\"noreferrer noopener\" href=\"https:\/\/jerteh.rs\/wp-content\/uploads\/2016\/03\/Jerteh_ETS_Ranka_24mart2016.pdf\" target=\"_blank\">[pdf]<\/a><\/li>\n\n\n\n<h3 class=\"wp-block-heading\">2015<\/h3>\n\n\n\n<li>24.12.2015. \u2013 <strong>Automatic Processing of Temporal Expressions in Serbian Language<\/strong> &#8211; Jelena Ja\u0107imovi\u0107, <em>Faculty of Philology<\/em> <a rel=\"noreferrer noopener\" href=\"https:\/\/jerteh.rs\/wp-content\/uploads\/2015\/12\/Jacimovic.pdf\" target=\"_blank\">[pdf]<\/a><\/li>\n\n\n\n<li>19.11.2015 \u2013 <strong>Digital Humanities in Serbia<\/strong> \u2013 Biljana Doj\u010dinovi\u0107, <em>Faculty of Philology<\/em> <a href=\"https:\/\/jerteh.rs\/wp-content\/uploads\/2015\/05\/Knjizenstvo.pdf\">[pdf]<\/a>, Cvetana Krstev, <em>Faculty of Philology<\/em>, Teodora Vukovi\u0107, <em>Institute for Balkan Studies, Serbian Academy of Sciences and Arts<\/em> <a href=\"https:\/\/jerteh.rs\/wp-content\/uploads\/2015\/05\/Balkaninst-na-matf-19.11.2015.pdf\">[pdf]<\/a>, and Vojin Nedeljkovi\u0107, <em>Faculty of Philosophy<\/em>.<\/li>\n\n\n\n<li>22.10.2015 &#8211; <strong>Linguistic Linked Open Data &#8211; EUROLAN 2015<\/strong> &#8211; Jelena Mitrovi\u0107, <em>Language Resources and Technologies Society<\/em> <a rel=\"noreferrer noopener\" href=\"https:\/\/jerteh.rs\/wp-content\/uploads\/2015\/10\/LLOD_Mitrovic_J.pdf\" target=\"_blank\">[pdf]<\/a><\/li>\n\n\n\n<li>18.06.2015 &#8211; <strong>Multiword Expressions in Treebanks (PARSEME COST action)<\/strong> &#8211; Paji\u0107 Vesna, Vuji\u010di\u0107 Stankovi\u0107 Sta\u0161a, <em>Language Resources and Technologies Society<\/em> <a rel=\"noreferrer noopener\" href=\"https:\/\/jerteh.rs\/wp-content\/uploads\/2015\/05\/seminar-JERTEH-18.06-Pajic-VujicicStankovic.pdf\" target=\"_blank\">[pdf]<\/a><\/li>\n\n\n\n<li>14.05.2015 &#8211;<strong> Information Models in Sentiment Analysis Based on Language Resources<\/strong> &#8211; Miljana Mladenovi\u0107, <em>University of Belgrade, Faculty of Mathematics<\/em> <a rel=\"noreferrer noopener\" href=\"https:\/\/jerteh.rs\/wp-content\/uploads\/2015\/05\/seminar-JERTEH-2015-Mladenovic.pdf\" target=\"_blank\">[pdf]<\/a><\/li>\n\n\n\n<li>23.04.2015 &#8211; <strong>SASA Dictionary: Problems in Development and Modernization of Work<\/strong> &#8211; Stana Risti\u0107 and Nenad Ivanovi\u0107, <em>Institute for the Serbian Language, SASA<\/em> <a rel=\"noreferrer noopener\" href=\"https:\/\/jerteh.rs\/wp-content\/uploads\/2015\/05\/Stana_Ristic_Nenad_Ivanovic_predavanje.pdf\" target=\"_blank\">[pdf]<\/a><\/li>\n\n\n\n<li>12.03.2015 &#8211; <strong>July in Heraklion: Summer School on Information Retrieval<\/strong> &#8211; An\u0111elka Ze\u010devi\u0107, <em>University of Belgrade, Faculty of Mathematics<\/em><a rel=\"noreferrer noopener\" href=\"https:\/\/jerteh.rs\/wp-content\/uploads\/2015\/05\/seminar_MUMIA.pdf\" target=\"_blank\"> [pdf]<\/a><\/li>\n\n\n\n<li>29.01.2015 &#8211; <strong>Corpus of Contemporary Serbian (SrpKor) : current state and perspectives<\/strong> &#8211; Milo\u0161 Utvi\u0107, <em>Faculty of Philology, University of Belgrade<\/em> <a rel=\"noreferrer noopener\" href=\"https:\/\/jerteh.rs\/wp-content\/uploads\/2015\/05\/Utvic-SrpKor2013.pdf\" target=\"_blank\">[pdf]<\/a><\/li>\n\n\n\n<h3 class=\"wp-block-heading\">2014<\/h3>\n\n\n\n<li>16.12.2014 &#8211; <strong>The Support to the Editing of Legal Texts<\/strong> &#8211; Neboj\u0161a Vasiljevi\u0107, <em>Ministry of Trade, Tourism and Telecommunications<\/em> <a rel=\"noreferrer noopener\" href=\"https:\/\/jerteh.rs\/wp-content\/uploads\/2015\/05\/semina-JERTEH-2014-NebojsaVasiljevic.pdf\" target=\"_blank\">[pdf]<\/a><\/li>\n<\/ul>\n","protected":false},"excerpt":{"rendered":"<p>2023 2022 2021 2018<\/p>\n<p class=\"continue-reading-button\"> <a class=\"continue-reading-link\" href=\"https:\/\/jerteh.rs\/index.php\/en\/seminar-materials\/\">\u041f\u0440\u043e\u0447\u0438\u0442\u0430\u0458\u0442\u0435 \u0432\u0438\u0448\u0435<i class=\"crycon-right-dir\"><\/i><\/a><\/p>\n","protected":false},"author":1,"featured_media":0,"parent":0,"menu_order":0,"comment_status":"closed","ping_status":"closed","template":"","meta":{"footnotes":""},"class_list":["post-465","page","type-page","status-publish","hentry"],"_links":{"self":[{"href":"https:\/\/jerteh.rs\/index.php\/wp-json\/wp\/v2\/pages\/465","targetHints":{"allow":["GET"]}}],"collection":[{"href":"https:\/\/jerteh.rs\/index.php\/wp-json\/wp\/v2\/pages"}],"about":[{"href":"https:\/\/jerteh.rs\/index.php\/wp-json\/wp\/v2\/types\/page"}],"author":[{"embeddable":true,"href":"https:\/\/jerteh.rs\/index.php\/wp-json\/wp\/v2\/users\/1"}],"replies":[{"embeddable":true,"href":"https:\/\/jerteh.rs\/index.php\/wp-json\/wp\/v2\/comments?post=465"}],"version-history":[{"count":15,"href":"https:\/\/jerteh.rs\/index.php\/wp-json\/wp\/v2\/pages\/465\/revisions"}],"predecessor-version":[{"id":998,"href":"https:\/\/jerteh.rs\/index.php\/wp-json\/wp\/v2\/pages\/465\/revisions\/998"}],"wp:attachment":[{"href":"https:\/\/jerteh.rs\/index.php\/wp-json\/wp\/v2\/media?parent=465"}],"curies":[{"name":"wp","href":"https:\/\/api.w.org\/{rel}","templated":true}]}}