{"id":599,"date":"2023-02-19T18:54:34","date_gmt":"2023-02-19T18:54:34","guid":{"rendered":"http:\/\/stari.jerteh.rs\/?page_id=599"},"modified":"2023-02-19T18:54:34","modified_gmt":"2023-02-19T18:54:34","slug":"belgrade-training-school-exploring-eltec-use-cases-for-information-extraction-and-analysis","status":"publish","type":"page","link":"https:\/\/jerteh.rs\/index.php\/en\/belgrade-training-school-exploring-eltec-use-cases-for-information-extraction-and-analysis\/","title":{"rendered":"Belgrade Training School: \u201cExploring ELTeC: Use-Cases for Information Extraction and Analysis\u201d"},"content":{"rendered":"\n<p><\/p>\n\n\n\n<p><\/p>\n\n\n\n<p> The COST Action 16204: Distant Reading for European Literary History training school <\/p>\n\n\n\n<p>held from March  22 to March 24 2022 at the University of Belgrade, Faculty of Mining and Geology.<\/p>\n\n\n\n<p>Training materials are available on <a href=\"https:\/\/github.com\/distantreading\/WG2\/tree\/master\/Exploring_ELTeC_TS\" target=\"_blank\" rel=\"noreferrer noopener\" aria-label=\"Github (opens in a new tab)\">Github<\/a>.<\/p>\n\n\n\n<p><u>March 22 2022<\/u><\/p>\n\n\n\n<p>Christof  Sch\u00f6ch: \u201cWhat is ELTeC all about?\u201d [<a href=\"https:\/\/www.youtube.com\/watch?v=Lhgbrv4Zddg&amp;list=PLLmaec0E9GYliUWWGZjvmLGkUMPCkerpK&amp;index=1\" target=\"_blank\" rel=\"noreferrer noopener\" aria-label=\"video (opens in a new tab)\">video<\/a>]<\/p>\n\n\n\n<p>Maciej  Eder, Joanna Byszuk,  Artjoms \u0160e\u013ca: \u201cExploring and comparing ELTeC  corpora with stylometry\u201d [<a href=\"https:\/\/www.youtube.com\/watch?v=5WEMTv_rMu4&amp;list=PLLmaec0E9GYliUWWGZjvmLGkUMPCkerpK&amp;index=2\" target=\"_blank\" rel=\"noreferrer noopener\" aria-label=\"video (opens in a new tab)\">video<\/a>]<\/p>\n\n\n\n<p>Fotis  Jannidis, Leo Konle: \u201cSemantic analysis using word embeddings and language  models\u201d [<a href=\"https:\/\/www.youtube.com\/watch?v=bZjRpgniH34&amp;list=PLLmaec0E9GYliUWWGZjvmLGkUMPCkerpK&amp;index=3\" target=\"_blank\" rel=\"noreferrer noopener\" aria-label=\"video (opens in a new tab)\">video<\/a>]<\/p>\n\n\n\n<p><u>March 23 2022<\/u><\/p>\n\n\n\n<p>Diana Santos: \u201cNER exploitation and analysis\u201d<\/p>\n\n\n\n<p>Ranka Stankovi\u0107, Milica Ikoni\u0107 Ne\u0161i\u0107: \u201cWiki-ELTeC data session\u201d [<a rel=\"noreferrer noopener\" aria-label=\"video (opens in a new tab)\" href=\"https:\/\/www.youtube.com\/watch?v=YVhpQ8yB-80&amp;list=PLLmaec0E9GYliUWWGZjvmLGkUMPCkerpK&amp;index=4\" target=\"_blank\">video<\/a>]<\/p>\n\n\n\n<p>Benedikt Perak: \u201cELTeC Data Analysis, Representation of the Geo-Entities and Interlinking with Knowledge bases\u201d [<a href=\"https:\/\/www.youtube.com\/watch?v=5vEIY-dQTg0&amp;list=PLLmaec0E9GYliUWWGZjvmLGkUMPCkerpK&amp;index=5\" target=\"_blank\" rel=\"noreferrer noopener\" aria-label=\"video (opens in a new tab)\">video<\/a>]<\/p>\n\n\n\n<p><u>March 24 2022<\/u><\/p>\n\n\n\n<p>Denis Maurel, Eric Laporte, Cvetana Krstev: \u201cUnitex for processing of  literary text: the case of NER automata\u201d [<a href=\"https:\/\/www.youtube.com\/watch?v=4_Yo3R3t9WU&amp;list=PLLmaec0E9GYliUWWGZjvmLGkUMPCkerpK&amp;index=6\" target=\"_blank\" rel=\"noreferrer noopener\" aria-label=\"video (opens in a new tab)\">video<\/a>]<\/p>\n\n\n\n<p>Jessie Labov, Pim van Bree, Geert Kessels: \u201cLinking historical data with Nodegoat: Introduction\u201d [<a rel=\"noreferrer noopener\" aria-label=\"video (opens in a new tab)\" href=\"https:\/\/www.youtube.com\/watch?v=-lUxYKeJBn4&amp;list=PLLmaec0E9GYliUWWGZjvmLGkUMPCkerpK&amp;index=7\" target=\"_blank\">video<\/a>]<\/p>\n\n\n\n<p>Pim&nbsp;van Bree, Geert Kessels: \u201cELTec in Nodegoat\u201d&nbsp; [<a rel=\"noreferrer noopener\" aria-label=\"video (opens in a new tab)\" href=\"https:\/\/www.youtube.com\/watch?v=Z30OSg2Z3WA&amp;list=PLLmaec0E9GYliUWWGZjvmLGkUMPCkerpK&amp;index=8\" target=\"_blank\">video<\/a>]<br><\/p>\n\n\n\n<p>\n","protected":false},"excerpt":{"rendered":"<p>The COST Action 16204: Distant Reading for European Literary History training school held from March 22 to March 24 2022 at the University of Belgrade, Faculty of Mining and Geology. Training materials are available on Github. March 22 2022 Christof Sch\u00f6ch: \u201cWhat is ELTeC all about?\u201d [video] Maciej Eder, Joanna&#8230;<\/p>\n<p class=\"continue-reading-button\"> <a class=\"continue-reading-link\" href=\"https:\/\/jerteh.rs\/index.php\/en\/belgrade-training-school-exploring-eltec-use-cases-for-information-extraction-and-analysis\/\">\u041f\u0440\u043e\u0447\u0438\u0442\u0430\u0458\u0442\u0435 \u0432\u0438\u0448\u0435<i class=\"crycon-right-dir\"><\/i><\/a><\/p>\n","protected":false},"author":1,"featured_media":0,"parent":0,"menu_order":0,"comment_status":"closed","ping_status":"closed","template":"","meta":{"footnotes":""},"class_list":["post-599","page","type-page","status-publish","hentry"],"_links":{"self":[{"href":"https:\/\/jerteh.rs\/index.php\/wp-json\/wp\/v2\/pages\/599","targetHints":{"allow":["GET"]}}],"collection":[{"href":"https:\/\/jerteh.rs\/index.php\/wp-json\/wp\/v2\/pages"}],"about":[{"href":"https:\/\/jerteh.rs\/index.php\/wp-json\/wp\/v2\/types\/page"}],"author":[{"embeddable":true,"href":"https:\/\/jerteh.rs\/index.php\/wp-json\/wp\/v2\/users\/1"}],"replies":[{"embeddable":true,"href":"https:\/\/jerteh.rs\/index.php\/wp-json\/wp\/v2\/comments?post=599"}],"version-history":[{"count":1,"href":"https:\/\/jerteh.rs\/index.php\/wp-json\/wp\/v2\/pages\/599\/revisions"}],"predecessor-version":[{"id":600,"href":"https:\/\/jerteh.rs\/index.php\/wp-json\/wp\/v2\/pages\/599\/revisions\/600"}],"wp:attachment":[{"href":"https:\/\/jerteh.rs\/index.php\/wp-json\/wp\/v2\/media?parent=599"}],"curies":[{"name":"wp","href":"https:\/\/api.w.org\/{rel}","templated":true}]}}