{"id":620,"date":"2023-02-19T19:19:33","date_gmt":"2023-02-19T19:19:33","guid":{"rendered":"http:\/\/stari.jerteh.rs\/?page_id=620"},"modified":"2023-02-19T19:19:33","modified_gmt":"2023-02-19T19:19:33","slug":"proceedings","status":"publish","type":"page","link":"https:\/\/jerteh.rs\/index.php\/en\/proceedings\/","title":{"rendered":"Proceedings"},"content":{"rendered":"<p>&nbsp;<\/p>\n<h3>Natural Language Processing for Serbian &#8211;&nbsp;Resources and Application<\/h3>\n<blockquote><p><em>Edited by Gordana Pavlovi\u0107 La\u017eeti\u0107, Cvetana Krstev, Ivan Obradovi\u0107, Du\u0161ko Vitas<\/em> ISBN 978-86-7589-088-1 <a href=\"http:\/\/www.vbs.rs\/scripts\/cobiss?command=DISPLAY&amp;base=99999&amp;rid=211765516&amp;fmt=11&amp;lani=sc Close\" target=\"_blank\" rel=\"noopener\">more info<\/a> Milestones in the Development of Computational Linguistics for Serbian <a href=\"https:\/\/jerteh.rs\/wp-content\/uploads\/2015\/05\/Milestones.pdf\" target=\"_blank\" rel=\"noopener\">[pdf]<\/a><\/p>\n<hr>\n<hr>\n<h5>Language Resources<\/h5>\n<hr>\n<hr>\n<h6>Semantic Networks for Serbian: New Functionalities of Developing and Maintaining WordNet Tool \/ Miljana Mladenovi\u0107 and Jelena Mitrovi\u0107 <a href=\"https:\/\/jerteh.rs\/wp-content\/uploads\/2015\/05\/Mladenovic.pdf\" target=\"_blank\" rel=\"noopener\">[pdf]<\/a><\/h6>\n<h6>Developing Termbases for Expert Terminology under the TBX Standard \/ Ranka Stankovi\u0107, Ivan Obradovi\u0107 and Milo\u0161 Utvi\u0107 <a href=\"https:\/\/jerteh.rs\/wp-content\/uploads\/2015\/05\/Stankovic.pdf\" target=\"_blank\" rel=\"noopener\">[pdf]<\/a><\/h6>\n<h6>Enrichment of Morphological Dictionary of MWUs from Library and Information Science \/ Aleksandra Trtovac and Jelena Andonovski <a href=\"https:\/\/jerteh.rs\/wp-content\/uploads\/2015\/05\/Trtovac.pdf\" target=\"_blank\" rel=\"noopener\">[pdf]<\/a><\/h6>\n<h6>Initial Steps in Building Serbian Treebank: Morphological Annotation \/ Bojana \u0110or\u0111evi\u0107 <a href=\"https:\/\/jerteh.rs\/wp-content\/uploads\/2015\/05\/Djordjevic.pdf\" target=\"_blank\" rel=\"noopener\">[pdf]<\/a><\/h6>\n<hr>\n<hr>\n<h5>Finite State Transducers Unitex<\/h5>\n<hr>\n<hr>\n<h6 style=\"text-align: left;\">Automatic Preocessing of Temporal Expressions in Serbian Natural Language Texts \/ Jelena Ja\u0107imovi\u0107 <a href=\"https:\/\/jerteh.rs\/wp-content\/uploads\/2015\/05\/Jacimovic.pdf\" target=\"_blank\" rel=\"noopener\">[pdf]<\/a><\/h6>\n<h6 style=\"text-align: left;\">Multidocument Concordances in Unitex \/ Neboj\u0161a Vasiljevi\u0107 <a href=\"https:\/\/jerteh.rs\/wp-content\/uploads\/2015\/05\/Vasiljevic.pdf\" target=\"_blank\" rel=\"noopener\">[pdf]<\/a><\/h6>\n<h6 style=\"text-align: left;\">Finite State Transducers for Generating Texts of Meteorological Reports in Serbian \/ Vesna Paji\u0107 and Sta\u0161a Vuji\u010di\u0107 Stankovi\u0107 <a href=\"https:\/\/jerteh.rs\/wp-content\/uploads\/2015\/05\/Pajic.pdf\" target=\"_blank\" rel=\"noopener\">[pdf]<\/a><\/h6>\n<h6 style=\"text-align: left;\">Cultural Heritage Information Retrieval by Metadata \/ Ivana Tanasijevi\u0107 and Gordana Pavlovi\u0107-La\u017eeti\u0107 <a href=\"https:\/\/jerteh.rs\/wp-content\/uploads\/2015\/05\/Tanasijevic.pdf\" target=\"_blank\" rel=\"noopener\">[pdf]<\/a><\/h6>\n<hr>\n<hr>\n<h5>Language Models<\/h5>\n<hr>\n<hr>\n<h6 style=\"text-align: left;\">Language Identification: The Case of Serbian \/ An\u0111elka Ze\u010devi\u0107 and Sta\u0161a Vuji\u010di\u0107 Stankovi\u0107 <a href=\"https:\/\/jerteh.rs\/wp-content\/uploads\/2015\/05\/Zecevic.pdf\" target=\"_blank\" rel=\"noopener\">[pdf]<\/a><\/h6>\n<h6 style=\"text-align: left;\">Corpus n-Grams and Electronic Dictionaries of Serbian \/ Milo\u0161 Utvi\u0107 <a href=\"https:\/\/jerteh.rs\/wp-content\/uploads\/2015\/05\/Utvic.pdf\" target=\"_blank\" rel=\"noopener\">[pdf]<\/a><\/h6>\n<h6 style=\"text-align: left;\">Text Categorization Using n-Gram Based Language Independent Technique \/ Jelena Graovac <a href=\"https:\/\/jerteh.rs\/wp-content\/uploads\/2015\/05\/Graovac.pdf\" target=\"_blank\" rel=\"noopener\">[pdf]<\/a><\/h6>\n<p><a href=\"http:\/\/www.vbs.rs\/scripts\/cobiss?command=DISPLAY&amp;base=99999&amp;rid=211765516&amp;fmt=11&amp;lani=sc Close\" target=\"_blank\" rel=\"noopener\">Borrow hard copy<\/a><\/p><\/blockquote>\n<p>&nbsp;<\/p>\n<h3>35th Anniversary of Computational Liguistics in Serbia<\/h3>\n<blockquote><p>Book of Abstracts <a href=\"https:\/\/jerteh.rs\/wp-content\/uploads\/2015\/05\/Zbornik_Final.pdf\" target=\"_blank\" rel=\"noopener\">[pdf]<\/a> <em>Edited by: Gordana Pavlovi\u0107 La\u017eeti\u0107, Du\u0161ko Vitas, Cvetana Krstev, Ivan Obradovi\u0107<\/em> Technical editors: Sta\u0161a Vuji\u010di\u0107 Stankovi\u0107,&nbsp;An\u0111elka Ze\u010devi\u0107 Language editing: Jelena Baji\u0107 Publishers: University of Belgrade, Faculty of Mathematics and University of Belgrade, Faculty of Mining and Geology Belgrade, November 2013.<\/p><\/blockquote>\n","protected":false},"excerpt":{"rendered":"<p>&nbsp; Natural Language Processing for Serbian &#8211;&nbsp;Resources and Application Edited by Gordana Pavlovi\u0107 La\u017eeti\u0107, Cvetana Krstev, Ivan Obradovi\u0107, Du\u0161ko Vitas ISBN 978-86-7589-088-1 more info Milestones in the Development of Computational Linguistics for Serbian [pdf] Language Resources Semantic Networks for Serbian: New Functionalities of Developing and Maintaining WordNet Tool \/ Miljana&#8230;<\/p>\n<p class=\"continue-reading-button\"> <a class=\"continue-reading-link\" href=\"https:\/\/jerteh.rs\/index.php\/en\/proceedings\/\">\u041f\u0440\u043e\u0447\u0438\u0442\u0430\u0458\u0442\u0435 \u0432\u0438\u0448\u0435<i class=\"crycon-right-dir\"><\/i><\/a><\/p>\n","protected":false},"author":1,"featured_media":0,"parent":0,"menu_order":0,"comment_status":"closed","ping_status":"closed","template":"","meta":{"footnotes":""},"class_list":["post-620","page","type-page","status-publish","hentry"],"_links":{"self":[{"href":"https:\/\/jerteh.rs\/index.php\/wp-json\/wp\/v2\/pages\/620","targetHints":{"allow":["GET"]}}],"collection":[{"href":"https:\/\/jerteh.rs\/index.php\/wp-json\/wp\/v2\/pages"}],"about":[{"href":"https:\/\/jerteh.rs\/index.php\/wp-json\/wp\/v2\/types\/page"}],"author":[{"embeddable":true,"href":"https:\/\/jerteh.rs\/index.php\/wp-json\/wp\/v2\/users\/1"}],"replies":[{"embeddable":true,"href":"https:\/\/jerteh.rs\/index.php\/wp-json\/wp\/v2\/comments?post=620"}],"version-history":[{"count":1,"href":"https:\/\/jerteh.rs\/index.php\/wp-json\/wp\/v2\/pages\/620\/revisions"}],"predecessor-version":[{"id":621,"href":"https:\/\/jerteh.rs\/index.php\/wp-json\/wp\/v2\/pages\/620\/revisions\/621"}],"wp:attachment":[{"href":"https:\/\/jerteh.rs\/index.php\/wp-json\/wp\/v2\/media?parent=620"}],"curies":[{"name":"wp","href":"https:\/\/api.w.org\/{rel}","templated":true}]}}