{"id":622,"date":"2023-02-19T19:20:41","date_gmt":"2023-02-19T19:20:41","guid":{"rendered":"http:\/\/stari.jerteh.rs\/?page_id=622"},"modified":"2024-03-19T09:53:58","modified_gmt":"2024-03-19T09:53:58","slug":"knjige","status":"publish","type":"page","link":"https:\/\/jerteh.rs\/index.php\/knjige\/","title":{"rendered":"\u041a\u045a\u0438\u0433\u0435"},"content":{"rendered":"<ul>\n<li>\u0417\u043e\u0440\u0430\u043d \u0420\u0438\u0441\u0442\u043e\u0432\u0438\u045b<em>, <a href=\"https:\/\/cigoja.rs\/prodavnica\/jezik\/sedam-principa-korpusne-metodike-doba-novih-obrazaca-jezicke-pedagogije\/\">\u0421\u0435\u0434\u0430\u043c \u043f\u0440\u0438\u043d\u0446\u0438\u043f\u0430 \u043a\u043e\u0440\u043f\u0443\u0441\u043d\u0435 \u043c\u0435\u0442\u043e\u0434\u0438\u043a\u0435: \u0434\u043e\u0431\u0430 \u043d\u043e\u0432\u0438\u0445 \u043e\u0431\u0440\u0430\u0437\u0430\u0446\u0430 \u0458\u0435\u0437\u0438\u0447\u043a\u0435 \u043f\u0435\u0434\u0430\u0433\u043e\u0433\u0438\u0458\u0435<\/a>,<\/em> \u0411\u0435\u043e\u0433\u0440\u0430\u0434: \u0427\u0438\u0433\u043e\u0458\u0430 \u0448\u0442\u0430\u043c\u043f\u0430, 2023. ISBN 978-86-531-0912-7<\/li>\n<li>\u0417\u043e\u0440\u0430\u043d \u0420\u0438\u0441\u0442\u043e\u0432\u0438\u045b<em>, <a href=\"https:\/\/cigoja.rs\/prodavnica\/jezik\/kumulativni-efekti-korpusne-metodike-stranih-jezika-procesi-stanja-zone-prelaza\/\" target=\"_blank\" rel=\"noopener\">\u041a\u0443\u043c\u0443\u043b\u0430\u0442\u0438\u0432\u043d\u0438 \u0435\u0444\u0435\u043a\u0442\u0438 \u043a\u043e\u0440\u043f\u0443\u0441\u043d\u0435 \u043c\u0435\u0442\u043e\u0434\u0438\u043a\u0435 \u0441\u0442\u0440\u0430\u043d\u0438\u0445 \u0458\u0435\u0437\u0438\u043a\u0430 &#8211; \u043f\u0440\u043e\u0446\u0435\u0441\u0438, \u0441\u0442\u0430\u045a\u0430, \u0437\u043e\u043d\u0435 \u043f\u0440\u0435\u043b\u0430\u0437\u0430<\/a>,<\/em> \u0411\u0435\u043e\u0433\u0440\u0430\u0434: \u0427\u0438\u0433\u043e\u0458\u0430 \u0448\u0442\u0430\u043c\u043f\u0430, 2022. ISBN 978-86-531-0809-0<\/li>\n<li>\u0408\u0435\u043b\u0435\u043d\u0430 \u0410\u043d\u0434\u043e\u043d\u043e\u0432\u0441\u043a\u0438,\u00a0<em>\u041f\u0430\u0440\u0430\u043b\u0435\u043b\u043d\u0438 \u0441\u0440\u043f\u0441\u043a\u043e-\u043d\u0435\u043c\u0430\u0447\u043a\u0438 \u043a\u043e\u0440\u043f\u0443\u0441 \u043a\u045a\u0438\u0436\u0435\u0432\u043d\u0438\u0445 \u0442\u0435\u043a\u0441\u0442\u043e\u0432\u0430 &#8211; \u0438\u0437\u0440\u0430\u0434\u0430, \u043f\u0440\u043e\u043d\u0430\u043b\u0430\u0436\u0435\u045a\u0435 \u0438\u043d\u0444\u043e\u0440\u043c\u0430\u0446\u0438\u0458\u0430 \u0438 \u0441\u0435\u043c\u0430\u043d\u0442\u0438\u0447\u043a\u0438 \u0432\u0435\u0431<\/em>, \u0411\u0435\u043e\u0433\u0440\u0430\u0434:\u00a0\u0423\u043d\u0438\u0432\u0435\u0440\u0437\u0438\u0442\u0435\u0442\u0441\u043a\u0430 \u0431\u0438\u0431\u043b\u0438\u043e\u0442\u0435\u043a\u0430 &#8220;\u0421\u0432\u0435\u0442\u043e\u0437\u0430\u0440 \u041c\u0430\u0440\u043a\u043e\u0432\u0438\u045b&#8221;, 2021.\u00a0(\u0411\u0438\u0431\u043b\u0438\u043e\u0442\u0435\u043a\u0430 \u0425\u043e\u043c\u0438\u043b\u0438\u0458\u0435; \u043a\u045a. 7; \u0421\u0435\u0440\u0438\u0458\u0430 \u0411\u0438\u0431\u043b\u0438\u043e).\u00a0ISBN 978-86-7301-167-7<\/li>\n<li>\u0417\u043e\u0440\u0430\u043d \u0420\u0438\u0441\u0442\u043e\u0432\u0438\u045b<em>, <a href=\"http:\/\/chigoja.co.rs\/konkordance_u_nastavi_stranih_jezika_zoran_ristovic\">\u041a\u043e\u043d\u043a\u043e\u0440\u0434\u0430\u043d\u0446\u0435 \u0443 \u043d\u0430\u0441\u0442\u0430\u0432\u0438 \u0441\u0442\u0440\u0430\u043d\u0438\u0445 \u0458\u0435\u0437\u0438\u043a\u0430 &#8211; \u043a\u0430 \u043a\u043e\u043d\u0430\u0447\u043d\u043e\u043c \u0445\u043e\u0440\u0438\u0437\u043e\u043d\u0442\u0443 \u043a\u043e\u0440\u043f\u0443\u0441\u043d\u0435 \u043c\u0435\u0442\u043e\u0434\u0438\u043a\u0435<\/a>,<\/em> \u0411\u0435\u043e\u0433\u0440\u0430\u0434: \u0427\u0438\u0433\u043e\u0458\u0430 \u0448\u0442\u0430\u043c\u043f\u0430, 2021. ISBN\u00a0978-86-531-0700-0<\/li>\n<li>\u0417\u043e\u0440\u0430\u043d \u0420\u0438\u0441\u0442\u043e\u0432\u0438\u045b, <em><a href=\"http:\/\/chigoja.co.rs\/korpusna_metodika_nastave_stranih_jezika_zoran_ristovic\">\u041a\u043e\u0440\u043f\u0443\u0441\u043d\u0430 \u043c\u0435\u0442\u043e\u0434\u0438\u043a\u0430 \u043d\u0430\u0441\u0442\u0430\u0432\u0435 \u0441\u0442\u0440\u0430\u043d\u0438\u0445 \u0458\u0435\u0437\u0438\u043a\u0430 &#8211; \u043a\u043e\u043d\u0430\u0447\u043d\u0438 \u043c\u043e\u0434\u0435\u043b<\/a>,<\/em> \u0411\u0435\u043e\u0433\u0440\u0430\u0434: \u0427\u0438\u0433\u043e\u0458\u0430 \u0448\u0442\u0430\u043c\u043f\u0430, 2020. ISBN 978-86-531-0573-0<\/li>\n<li>\u0417\u043e\u0440\u0430\u043d \u0420\u0438\u0441\u0442\u043e\u0432\u0438\u045b, <a href=\"http:\/\/chigoja.co.rs\/primena_visejezickih_elektronskih_korpusa_zoran_ristovic\"><em>\u041f\u0440\u0438\u043c\u0435\u043d\u0430 \u0432\u0438\u0448\u0435\u0458\u0435\u0437\u0438\u0447\u043d\u0438\u0445 \u0435\u043b\u0435\u043a\u0442\u0440\u043e\u043d\u0441\u043a\u0438\u0445 \u043a\u043e\u0440\u043f\u0443\u0441\u0430 \u0443 \u043d\u0430\u0441\u0442\u0430\u0432\u0438 \u0441\u0442\u0440\u0430\u043d\u0438\u0445 \u0458\u0435\u0437\u0438\u043a\u0430 &#8211; \u043a\u0430 \u0437\u043b\u0430\u0442\u043d\u043e\u043c \u0434\u043e\u0431\u0443 \u0434\u0438\u0433\u0438\u0442\u0430\u043b\u043d\u043e\u0433 \u043e\u0431\u0440\u0430\u0437\u043e\u0432\u0430\u045a\u0430<\/em><\/a><em>,<\/em> \u0411\u0435\u043e\u0433\u0440\u0430\u0434: \u0427\u0438\u0433\u043e\u0458\u0430 \u0448\u0442\u0430\u043c\u043f\u0430, 2019. ISBN 978-86-531-0491-7<\/li>\n<li>\u0417\u043e\u0440\u0430\u043d \u0420\u0438\u0441\u0442\u043e\u0432\u0438\u045b,\u00a0<em><a href=\"http:\/\/chigoja.co.rs\/primena_paralelizovanih_tekstova_u_nastavi_engleskog_jezika_zoran_ristic\">\u041f\u0440\u0438\u043c\u0435\u043d\u0430 \u043f\u0430\u0440\u0430\u043b\u0435\u043b\u0438\u0437\u043e\u0432\u0430\u043d\u0438\u0445 \u0442\u0435\u043a\u0441\u0442\u043e\u0432\u0430 \u0443 \u043d\u0430\u0441\u0442\u0430\u0432\u0438 \u0435\u043d\u0433\u043b\u0435\u0441\u043a\u043e\u0433 \u0458\u0435\u0437\u0438\u043a\u0430 &#8211; \u0443\u043b\u0430\u0437\u0430\u043a \u0443 \u0435\u0440\u0443 \u0434\u0438\u0433\u0438\u0442\u0430\u043b\u043d\u043e\u0433 \u043e\u0431\u0440\u0430\u0437\u043e\u0432\u0430\u045a\u0430<\/a><\/em>, \u0411\u0435\u043e\u0433\u0440\u0430\u0434: \u0427\u0438\u0433\u043e\u0458\u0430 \u0448\u0442\u0430\u043c\u043f\u0430, 2018. ISBN 978-86-531-0392-7<\/li>\n<li>\u0410\u043b\u0435\u043a\u0441\u0430\u043d\u0434\u0440\u0430 \u0422\u0440\u0442\u043e\u0432\u0430\u0446,\u00a0<em>\u041f\u0440\u043e\u043d\u0430\u043b\u0430\u0436\u0435\u045a\u0435 \u0438\u043d\u0444\u043e\u0440\u043c\u0430\u0446\u0438\u0458\u0430 \u0443 \u0434\u0438\u0433\u0438\u0442\u0430\u043b\u043d\u0438\u043c \u0431\u0438\u0431\u043b\u0438\u043e\u0442\u0435\u043a\u0430\u043c\u0430<\/em>, \u0411\u0435\u043e\u0433\u0440\u0430\u0434:\u00a0\u0423\u043d\u0438\u0432\u0435\u0440\u0437\u0438\u0442\u0435\u0442\u0441\u043a\u0430 \u0431\u0438\u0431\u043b\u0438\u043e\u0442\u0435\u043a\u0430 &#8220;\u0421\u0432\u0435\u0442\u043e\u0437\u0430\u0440 \u041c\u0430\u0440\u043a\u043e\u0432\u0438\u045b&#8221;, 2017. (\u0411\u0438\u0431\u043b\u0438\u043e\u0442\u0435\u043a\u0430 \u0425\u043e\u043c\u0438\u043b\u0438\u0458\u0435; \u043a\u045a. 4).\u00a0ISBN\u00a0978-86-7301-103-5<\/li>\n<li>Du\u0161ko Vitas, Ljubomir Popovi\u0107, Cvetana Krstev, Ivan Obradovi\u0107, Gordana Pavlovi\u0107-La\u017eeti\u0107, Mladen Stanojevi\u0107,\u00a0<em><a href=\"http:\/\/www.meta-net.eu\/whitepapers\/volumes\/serbian\" target=\"_blank\" rel=\"noopener\">The Serbian Language in the Digital Age &#8211; \u0421\u0440\u043f\u0441\u043a\u0438 \u0458\u0435\u0437\u0438\u043a \u0443 \u0434\u0438\u0433\u0438\u0442\u0430\u043b\u043d\u043e\u043c \u0434\u043e\u0431\u0443<\/a><\/em>, META-NET White Paper Series, Georg Rehm and Hans Uszkoreit (Series Editors), 2012. ISBN (13) 978-3-642-30754-6 <a href=\"https:\/\/plus.cobiss.net\/cobiss\/sr\/sr\/bib\/193468172\" target=\"_blank\" rel=\"noopener\">\u0423 \u0431\u0438\u0431\u043b\u0438\u043e\u0442\u0435\u043a\u0430\u043c\u0430<\/a><\/li>\n<li>Cvetana Krstev,\u00a0<i>Processing of Serbian \u2013 Automata, Texts and Electronic dictionaries,<\/i>\u00a0Belgrade: Faculty of Philology, University of Belgrade, 2008.\u00a0<a href=\"https:\/\/plus.cobiss.net\/cobiss\/sr\/sr\/bib\/146708748\" target=\"_blank\" rel=\"noopener\">\u0423 \u0431\u0438\u0431\u043b\u0438\u043e\u0442\u0435\u043a\u0430\u043c\u0430<\/a><\/li>\n<\/ul>\n","protected":false},"excerpt":{"rendered":"<p>\u0417\u043e\u0440\u0430\u043d \u0420\u0438\u0441\u0442\u043e\u0432\u0438\u045b, \u0421\u0435\u0434\u0430\u043c \u043f\u0440\u0438\u043d\u0446\u0438\u043f\u0430 \u043a\u043e\u0440\u043f\u0443\u0441\u043d\u0435 \u043c\u0435\u0442\u043e\u0434\u0438\u043a\u0435: \u0434\u043e\u0431\u0430 \u043d\u043e\u0432\u0438\u0445 \u043e\u0431\u0440\u0430\u0437\u0430\u0446\u0430 \u0458\u0435\u0437\u0438\u0447\u043a\u0435 \u043f\u0435\u0434\u0430\u0433\u043e\u0433\u0438\u0458\u0435, \u0411\u0435\u043e\u0433\u0440\u0430\u0434: \u0427\u0438\u0433\u043e\u0458\u0430 \u0448\u0442\u0430\u043c\u043f\u0430, 2023. ISBN 978-86-531-0912-7 \u0417\u043e\u0440\u0430\u043d \u0420\u0438\u0441\u0442\u043e\u0432\u0438\u045b, \u041a\u0443\u043c\u0443\u043b\u0430\u0442\u0438\u0432\u043d\u0438 \u0435\u0444\u0435\u043a\u0442\u0438 \u043a\u043e\u0440\u043f\u0443\u0441\u043d\u0435 \u043c\u0435\u0442\u043e\u0434\u0438\u043a\u0435 \u0441\u0442\u0440\u0430\u043d\u0438\u0445 \u0458\u0435\u0437\u0438\u043a\u0430 &#8211; \u043f\u0440\u043e\u0446\u0435\u0441\u0438, \u0441\u0442\u0430\u045a\u0430, \u0437\u043e\u043d\u0435 \u043f\u0440\u0435\u043b\u0430\u0437\u0430, \u0411\u0435\u043e\u0433\u0440\u0430\u0434: \u0427\u0438\u0433\u043e\u0458\u0430 \u0448\u0442\u0430\u043c\u043f\u0430, 2022. ISBN 978-86-531-0809-0 \u0408\u0435\u043b\u0435\u043d\u0430 \u0410\u043d\u0434\u043e\u043d\u043e\u0432\u0441\u043a\u0438,\u00a0\u041f\u0430\u0440\u0430\u043b\u0435\u043b\u043d\u0438 \u0441\u0440\u043f\u0441\u043a\u043e-\u043d\u0435\u043c\u0430\u0447\u043a\u0438 \u043a\u043e\u0440\u043f\u0443\u0441 \u043a\u045a\u0438\u0436\u0435\u0432\u043d\u0438\u0445 \u0442\u0435\u043a\u0441\u0442\u043e\u0432\u0430 &#8211; \u0438\u0437\u0440\u0430\u0434\u0430, \u043f\u0440\u043e\u043d\u0430\u043b\u0430\u0436\u0435\u045a\u0435 \u0438\u043d\u0444\u043e\u0440\u043c\u0430\u0446\u0438\u0458\u0430 \u0438 \u0441\u0435\u043c\u0430\u043d\u0442\u0438\u0447\u043a\u0438 \u0432\u0435\u0431, \u0411\u0435\u043e\u0433\u0440\u0430\u0434:\u00a0\u0423\u043d\u0438\u0432\u0435\u0440\u0437\u0438\u0442\u0435\u0442\u0441\u043a\u0430&#8230;<\/p>\n<p class=\"continue-reading-button\"> <a class=\"continue-reading-link\" href=\"https:\/\/jerteh.rs\/index.php\/knjige\/\">\u041f\u0440\u043e\u0447\u0438\u0442\u0430\u0458\u0442\u0435 \u0432\u0438\u0448\u0435<i class=\"crycon-right-dir\"><\/i><\/a><\/p>\n","protected":false},"author":1,"featured_media":0,"parent":0,"menu_order":0,"comment_status":"closed","ping_status":"closed","template":"","meta":{"footnotes":""},"class_list":["post-622","page","type-page","status-publish","hentry"],"_links":{"self":[{"href":"https:\/\/jerteh.rs\/index.php\/wp-json\/wp\/v2\/pages\/622","targetHints":{"allow":["GET"]}}],"collection":[{"href":"https:\/\/jerteh.rs\/index.php\/wp-json\/wp\/v2\/pages"}],"about":[{"href":"https:\/\/jerteh.rs\/index.php\/wp-json\/wp\/v2\/types\/page"}],"author":[{"embeddable":true,"href":"https:\/\/jerteh.rs\/index.php\/wp-json\/wp\/v2\/users\/1"}],"replies":[{"embeddable":true,"href":"https:\/\/jerteh.rs\/index.php\/wp-json\/wp\/v2\/comments?post=622"}],"version-history":[{"count":3,"href":"https:\/\/jerteh.rs\/index.php\/wp-json\/wp\/v2\/pages\/622\/revisions"}],"predecessor-version":[{"id":1061,"href":"https:\/\/jerteh.rs\/index.php\/wp-json\/wp\/v2\/pages\/622\/revisions\/1061"}],"wp:attachment":[{"href":"https:\/\/jerteh.rs\/index.php\/wp-json\/wp\/v2\/media?parent=622"}],"curies":[{"name":"wp","href":"https:\/\/api.w.org\/{rel}","templated":true}]}}