{"id":626,"date":"2023-02-19T19:22:45","date_gmt":"2023-02-19T19:22:45","guid":{"rendered":"http:\/\/stari.jerteh.rs\/?page_id=626"},"modified":"2023-07-15T20:35:45","modified_gmt":"2023-07-15T20:35:45","slug":"teze","status":"publish","type":"page","link":"https:\/\/jerteh.rs\/index.php\/teze\/","title":{"rendered":"\u0414\u043e\u043a\u0442\u043e\u0440\u0441\u043a\u0435 \u0438 \u043c\u0430\u0433\u0438\u0441\u0442\u0430\u0440\u0441\u043a\u0435 \u0434\u0438\u0441\u0435\u0440\u0442\u0430\u0446\u0438\u0458\u0435"},"content":{"rendered":"<p>\u00a0<\/p>\n<ul>\n<li>Mihailo \u0160kori\u0107, <em>Kompozitne pseudogramatike zasnovane na paralelnim jezi\u010dkim modelima srpskog jezika &#8211; doktorska disertacija<\/em>, Beograd: Univerzitet u Beogradu, Studije pri Univerzitetu, 2023.<\/li>\n<li>Milena Milinkovi\u0107, <em>Razvoj bibliote\u010dkih i jezi\u010dkih resursa za organizovanje i pronala\u017eenje informacija o prostornom planiranju &#8211; doktorska disertacija<\/em>,\u00a0Beograd:\u00a0Univerzitet u Beogradu, Filolo\u0161ki fakultet, 2022. <a href=\"https:\/\/nardus.mpn.gov.rs\/handle\/123456789\/21290\">[NaRDuS]<\/a><\/li>\n<li>Biljana Rujevi\u0107, <em>Re\u010dnici u digitalnom dobu &#8211; informati\u010dka podr\u0161ka za srpski jezik &#8211; doktorska disertacija<\/em>,\u00a0Beograd:\u00a0Univerzitet u Beogradu, Filolo\u0161ki fakultet, 2022. <a href=\"https:\/\/nardus.mpn.gov.rs\/handle\/123456789\/21293\">[NaRDuS]<\/a><\/li>\n<li style=\"text-align: left;\">Tanja Ivanovi\u0107,\u00a0<em><em>Razvoj terminologije iz oblasti elektroenergetike kori\u0161\u0107enjem metoda obrade prirodnih jezika\u00a0\u00a0<\/em><\/em>\u0335\u00a0\u00a0<em>doktorska disertacija, <\/em>Beograd:\u00a0Univerzitet u Beogradu, Filolo\u0161ki fakultet, 2022. <a href=\"https:\/\/nardus.mpn.gov.rs\/handle\/123456789\/20914\">[NaRDuS]<\/a><\/li>\n<li>Olivera Kitanovi\u0107,\u00a0<em>Ontolo\u0161ki model upravljanja rizikom u rudarstvu<\/em><em><em>\u00a0\u00a0<\/em><\/em>\u0335\u00a0\u00a0<em>doktorska disertacija<\/em>, Beograd:\u00a0Univerzitet u Beogradu, Rudarsko-geolo\u0161ki fakultet, 2021. <a href=\"https:\/\/nardus.mpn.gov.rs\/handle\/123456789\/18640\">[NaRDuS]<\/a><\/li>\n<li>Branislava \u0160andrih,\u00a0<em>Impact of text classification on natural language processing applications\u00a0<\/em><em><em>\u00a0<\/em><\/em>\u0335\u00a0\u00a0<em>doktorska disertacija<\/em>,\u00a0Beograd: Univerzitet u Beogradu, Matemati\u010dki fakultet, 2020. <a href=\"https:\/\/nardus.mpn.gov.rs\/handle\/123456789\/17446\">[NaRDuS]<\/a><\/li>\n<li>Jelena Andonovski,\u00a0<i>Mre\u017ea otvorenih podataka i jezi\u010dki resursi u procesu izgradnje srpsko-nema\u010dkog literarnog korpusa<\/i><em>\u00a0&#8211; doktorska disertacija, <\/em>Beograd:\u00a0Univerzitet u Beogradu, Filolo\u0161ki fakultet, 2020. <a href=\"https:\/\/nardus.mpn.gov.rs\/handle\/123456789\/17601\">[NaRDuS]<\/a><\/li>\n<li>Aleksandra Toma\u0161evi\u0107,\u00a0<em>Razvoj modela za upravljanje rudarskom projektnom dokumentacijom<\/em>\u00a0&#8211;\u00a0<em>doktorska disertacija<\/em>,\u00a0Beograd: Univerzitet u Beogradu, Rudarsko-geolo\u0161ki fakultet, 2018. <a href=\"https:\/\/nardus.mpn.gov.rs\/handle\/123456789\/10128\">[NaRDuS]<\/a><\/li>\n<li>Jelena Mitrovi\u0107,\u00a0<em>Elektronski jezi\u010dki resursi i alati za obradu srpskog jezika i njihovo unapre\u0111ivanje putem grupne raspodele rada<\/em>\u00a0&#8211;\u00a0<em>doktorska disertacija<\/em>, Beograd:\u00a0Univerzitet u Beogradu, Filolo\u0161ki fakultet, 2018. <a href=\"https:\/\/nardus.mpn.gov.rs\/handle\/123456789\/10478\">[NaRDuS]<\/a><\/li>\n<li>Bojana \u0110or\u0111evi\u0107,\u00a0<em>Izrada osnova formalne gramatike srpskog jezika upotrebom metagramatike<\/em>&#8211;\u00a0<em>doktorska disertacija<\/em>, Beograd:\u00a0Univerzitet u Beogradu, Filolo\u0161ki fakultet, 2017. <a href=\"https:\/\/nardus.mpn.gov.rs\/handle\/123456789\/9075\">[NaRDuS]<\/a><\/li>\n<li>Ljiljana Kolonja,\u00a0\u00a0<em>Sistem poslovne inteligencije za upravljanje za\u0161titom na radu u rudarskoj industriji<\/em> &#8211;\u00a0<em>doktorska disertacija<\/em>,\u00a0Beograd: Univerzitet u Beogradu, Rudarsko-geolo\u0161ki fakultet, 2016. <a href=\"https:\/\/nardus.mpn.gov.rs\/handle\/123456789\/7902\">[NaRDuS]<\/a><\/li>\n<li>Jelena Ja\u0107imovi\u0107, Automatsko prepoznavanje i normalizacija vremenskih izraza u nestrukturiranim novinskim i medicinskim tekstovima na srpskom jeziku &#8211;\u00a0<em>doktorska disertacija<\/em>, Beograd:\u00a0Univerzitet u Beogradu, Filolo\u0161ki fakultet, 2016. <a href=\"https:\/\/nardus.mpn.gov.rs\/handle\/123456789\/7930\">[NaRDuS]<\/a><\/li>\n<li>Aleksandra Trtovac,\u00a0<em>Deskriptori metapodataka i deskriptori sadr\u017eaja u pronala\u017eenju informacija u digitalnim bibliotekama<\/em> &#8211;\u00a0<em>doktorska disertacija<\/em>, Beograd:\u00a0Univerzitet u Beogradu, Filolo\u0161ki fakultet, 2016. <a href=\"https:\/\/nardus.mpn.gov.rs\/handle\/123456789\/6454\">[NaRDuS]<\/a><\/li>\n<li>Sta\u0161a Vuji\u010di\u0107-Stankovi\u0107, Ekstrakcija informacija vo\u0111ena ontologijama (model za srpski jezik) &#8211;\u00a0<em>doktorska disertacija,<\/em>\u00a0Beograd: Univerzitet u Beogradu, Matemati\u010dki fakultet, 2016. <a href=\"https:\/\/nardus.mpn.gov.rs\/handle\/123456789\/7893\">[NaRDuS]<\/a><\/li>\n<li>Miljana Mladenovi\u0107,\u00a0<em>Informati\u010dki modeli u analizi ose\u0107anja zasnovani na jezi\u010dkim resursima &#8211;\u00a0doktorska disertacija,<\/em>\u00a0Beograd: Univerzitet u Beogradu, Matemati\u010dki fakultet, 2016. <a href=\"https:\/\/nardus.mpn.gov.rs\/handle\/123456789\/7894\">[NaRDuS]<\/a><\/li>\n<li>Zoran Ristovi\u0107,\u00a0\u00a0<em>Kumulativni efekti eksploatacije vi\u0161ejezi\u010dnih korpusa u nastavi stranih jezika<\/em>\u00a0&#8211;\u00a0<em>doktorska disertacija<\/em>, Beograd:\u00a0Univerzitet u Beogradu, Filolo\u0161ki fakultet, 2016. <a href=\"https:\/\/nardus.mpn.gov.rs\/handle\/123456789\/6196\">[NaRDuS]<\/a><\/li>\n<li>Neboj\u0161a Vasiljevi\u0107,\u00a0<em>Automatska obrada pravnih tekstova na srpskom jeziku &#8211; doktorska disertacija<\/em>, Beograd:\u00a0Univerzitet u Beogradu, Filolo\u0161ki fakultet, 2015. <a href=\"https:\/\/nardus.mpn.gov.rs\/handle\/123456789\/4968\">[NaRDuS]<\/a><\/li>\n<li>Milo\u0161 Utvi\u0107,\u00a0\u00a0Izgradnja referentnog korpusa savremenog srpskog jezika &#8211; doktorska disertacija, Beograd: Univerzitet u Beogradu, Filolo\u0161ki fakultet, 2014.\u00a0<a href=\"https:\/\/nardus.mpn.gov.rs\/handle\/123456789\/4091\">[NaRDuS]<\/a><\/li>\n<li>Ranka Stankovi\u0107, Modeli ekspanzije upita nad tekstuelnim resursima &#8211; doktorska disertacija, Beograd: Univerzitet u Beogradu, Matemati\u010dki fakultet, 2009.<\/li>\n<li>Cvetana Krstev,\u00a0Jedan prilaz informati\u010dkom modeliranju teksta i algoritmi njegove transformacije &#8211;\u00a0<em>doktorska disertacija<\/em>,\u00a0Beograd: Univerzitet u Beogradu, Matemati\u010dki fakultet, 1997.\u00a0<a href=\"https:\/\/nardus.mpn.gov.rs\/handle\/123456789\/2851\" target=\"_blank\" rel=\"noopener\">[NaRDuS]<\/a><\/li>\n<li>Du\u0161ko Vitas, <em>Matemati\u010dki model morfologije srpskohrvatskog jezika (imenska fleksija) &#8211; doktorska disertacija<\/em>, Beograd: Univerzitet u Beogradu, Matemati\u010dki fakultet, 1993.<\/li>\n<\/ul>\n\n\n<p><\/p>\n","protected":false},"excerpt":{"rendered":"<p>\u00a0 Mihailo \u0160kori\u0107, Kompozitne pseudogramatike zasnovane na paralelnim jezi\u010dkim modelima srpskog jezika &#8211; doktorska disertacija, Beograd: Univerzitet u Beogradu, Studije pri Univerzitetu, 2023. Milena Milinkovi\u0107, Razvoj bibliote\u010dkih i jezi\u010dkih resursa za organizovanje i pronala\u017eenje informacija o prostornom planiranju &#8211; doktorska disertacija,\u00a0Beograd:\u00a0Univerzitet u Beogradu, Filolo\u0161ki fakultet, 2022. [NaRDuS] Biljana Rujevi\u0107, Re\u010dnici&#8230;<\/p>\n<p class=\"continue-reading-button\"> <a class=\"continue-reading-link\" href=\"https:\/\/jerteh.rs\/index.php\/teze\/\">\u041f\u0440\u043e\u0447\u0438\u0442\u0430\u0458\u0442\u0435 \u0432\u0438\u0448\u0435<i class=\"crycon-right-dir\"><\/i><\/a><\/p>\n","protected":false},"author":1,"featured_media":0,"parent":0,"menu_order":0,"comment_status":"closed","ping_status":"closed","template":"","meta":{"footnotes":""},"class_list":["post-626","page","type-page","status-publish","hentry"],"_links":{"self":[{"href":"https:\/\/jerteh.rs\/index.php\/wp-json\/wp\/v2\/pages\/626","targetHints":{"allow":["GET"]}}],"collection":[{"href":"https:\/\/jerteh.rs\/index.php\/wp-json\/wp\/v2\/pages"}],"about":[{"href":"https:\/\/jerteh.rs\/index.php\/wp-json\/wp\/v2\/types\/page"}],"author":[{"embeddable":true,"href":"https:\/\/jerteh.rs\/index.php\/wp-json\/wp\/v2\/users\/1"}],"replies":[{"embeddable":true,"href":"https:\/\/jerteh.rs\/index.php\/wp-json\/wp\/v2\/comments?post=626"}],"version-history":[{"count":3,"href":"https:\/\/jerteh.rs\/index.php\/wp-json\/wp\/v2\/pages\/626\/revisions"}],"predecessor-version":[{"id":882,"href":"https:\/\/jerteh.rs\/index.php\/wp-json\/wp\/v2\/pages\/626\/revisions\/882"}],"wp:attachment":[{"href":"https:\/\/jerteh.rs\/index.php\/wp-json\/wp\/v2\/media?parent=626"}],"curies":[{"name":"wp","href":"https:\/\/api.w.org\/{rel}","templated":true}]}}