{"id":628,"date":"2023-02-19T19:23:24","date_gmt":"2023-02-19T19:23:24","guid":{"rendered":"http:\/\/stari.jerteh.rs\/?page_id=628"},"modified":"2023-07-15T20:35:42","modified_gmt":"2023-07-15T20:35:42","slug":"phd-and-master-thesis","status":"publish","type":"page","link":"https:\/\/jerteh.rs\/index.php\/en\/phd-and-master-thesis\/","title":{"rendered":"PhD and master thesis"},"content":{"rendered":"<p>\u00a0<\/p>\n<ul>\n<li>Mihailo \u0160kori\u0107,\u00a0<em>Composite pseudogrammars based on parallel language models of Serbian-\u00a0PhD thesis, Belgrade: University of Belgrade, 2023.<\/em><\/li>\n<li>\n<p>Milena Milinkovi\u0107, <em>The development of library and lanaguage resources for organizing and finding information on spatial planning<\/em><em>\u00a0&#8211;<\/em>\u00a0<em>PhD thesis<\/em>, Belgrade: University of Belgrade, Faculty of Philology, 2022. <a href=\"https:\/\/nardus.mpn.gov.rs\/handle\/123456789\/21290\">[NaRDuS]<\/a><\/p>\n<\/li>\n<li>Biljana Rujevi\u0107, <em>Dictionaries in digital age &#8211; information technology suport for Serbian language\u00a0&#8211;<\/em>\u00a0<em>PhD thesis<\/em>, Belgrade: University of Belgrade, Faculty of Philology, 2022. <a href=\"https:\/\/nardus.mpn.gov.rs\/handle\/123456789\/21293\">[NaRDuS]<\/a><\/li>\n<li>Tanja Ivanovi\u0107,\u00a0<em>Terminology development in power engineering based on natural language processing methods\u00a0&#8211;\u00a0<\/em><em>PhD thesis<\/em>, Belgrade: University of Belgrade, Faculty of Philology, 2022. <a href=\"https:\/\/nardus.mpn.gov.rs\/handle\/123456789\/20914\">[NaRDuS]<\/a><\/li>\n<li>Olivera Kitanovi\u0107,\u00a0<em>An ontology-based model for risk management in mining &#8211; PhD thesis<\/em>, Belgrade:\u00a0University of Belgrade, Faculty of Mining and Geology, 2021. <a href=\"https:\/\/nardus.mpn.gov.rs\/handle\/123456789\/18640\">[NaRDuS]<\/a><\/li>\n<li>Branislava \u0160andrih,\u00a0<em>Impact of text classification on natural language processing applications &#8211; PhD thesis,<\/em>\u00a0Belgrade :\u00a0University of Belgrade, Faculty of Mathematics, 2020. <a href=\"https:\/\/nardus.mpn.gov.rs\/handle\/123456789\/17446\">[NaRDuS]<\/a><\/li>\n<li>Jelena Andonovski,\u00a0<em>Linked Open Data and language resources in creating Serbian-German literary corpus\u00a0&#8211;\u00a0<\/em><em>PhD thesis<\/em>, Belgrade: University of Belgrade, Faculty of Philology, 2020. <a href=\"https:\/\/nardus.mpn.gov.rs\/handle\/123456789\/17601\">[NaRDuS]<\/a><\/li>\n<li>Aleksandra Toma\u0161evi\u0107, <em>Model development for mining project documentation management<\/em>\u00a0&#8211;\u00a0<em>PhD thesis<\/em>, Belgrade:\u00a0University of Belgrade, Faculty of Mining and Geology,\u00a02018. <a href=\"https:\/\/nardus.mpn.gov.rs\/handle\/123456789\/10128\">[NaRDuS]<\/a><\/li>\n<li>Jelena Mitrovi\u0107, <em>Electronic lexical resources and tools for natural language processing of Serbian and their improvement via crowdsourcing\u00a0&#8211; PhD thesis<\/em>, Belgrade: University of Belgrade, Faculty of Philology, 2018. <a href=\"https:\/\/nardus.mpn.gov.rs\/handle\/123456789\/10478\">[NaRDuS]<\/a><\/li>\n<li>Bojana \u0110or\u0111evi\u0107,\u00a0<em>Construction of a formal grammar of Serbian using a metagrammar<\/em> &#8211;\u00a0<em>PhD thesis<\/em>, Belgrade: University of Belgrade, Faculty of Philology, 2017. <a href=\"https:\/\/nardus.mpn.gov.rs\/handle\/123456789\/9075\">[NaRDuS]<\/a><\/li>\n<li>Ljiljana Kolonja, <em>A business intelligence system for mine safety management<\/em> &#8211;\u00a0<em>PhD thesis<\/em>, Belgrade:\u00a0University of Belgrade, Faculty of Mining and Geology, 2016. <a href=\"https:\/\/nardus.mpn.gov.rs\/handle\/123456789\/7902\">[NaRDuS]<\/a><\/li>\n<li>Jelena Ja\u0107imovi\u0107,\u00a0<em>Automatic recognition and normalization of temporal expressions in Serbian unstructured newspaper and medical texts<\/em>\u00a0&#8211;\u00a0<em>PhD thesis<\/em>, Belgrade: University of Belgrade, Faculty of Philology, 2016.\u00a0<a href=\"https:\/\/nardus.mpn.gov.rs\/handle\/123456789\/7930\">[NaRDuS]<\/a><\/li>\n<li>Aleksandra Trtovac, <em>Metadata descriptors and content descriptors for information retrieval in digital libraries<\/em>\u00a0&#8211;\u00a0<em>PhD thesis<\/em>, Belgrade: University of Belgrade, Faculty of Philology, 2016. <a href=\"https:\/\/nardus.mpn.gov.rs\/handle\/123456789\/6454\">[NaRDuS]<\/a><\/li>\n<li>Sta\u0161a Vuji\u010di\u0107-Stankovi\u0107,<em>\u00a0Ontology based information extraction (model for the Serbian language) &#8211; PhD thesis,\u00a0<\/em>Belgrade:\u00a0University of Belgrade, Faculty of Mathematics, 2016. <a href=\"https:\/\/nardus.mpn.gov.rs\/handle\/123456789\/7893\">[NaRDuS]<\/a><\/li>\n<li>Miljana Mladenovi\u0107,\u00a0<em>Information models in sentiment analysis based on linguistic resources &#8211;\u00a0<\/em><em>PhD thesis<\/em>,\u00a0Belgrade:\u00a0University of Belgrade, Faculty of Mathematics, 2016. <a href=\"https:\/\/nardus.mpn.gov.rs\/handle\/123456789\/7894\">[NaRDuS]<\/a><\/li>\n<li>Zoran Ristovi\u0107,\u00a0\u00a0<em>Cumulative effects of exploitation of multilingual corpora in second language teaching<\/em>\u00a0&#8211;\u00a0<em>PhD thesis<\/em>, Belgrade: University of Belgrade, Faculty of Philology, 2016. <a href=\"https:\/\/nardus.mpn.gov.rs\/handle\/123456789\/6196\">[NaRDuS]<\/a><\/li>\n<li>Neboj\u0161a Vasiljevi\u0107,\u00a0<em>Automatic processing of legal text in Serbian language &#8211; PhD thesis<\/em>, Belgrade: University of Belgrade, Faculty of Philology, 2015. <a href=\"https:\/\/nardus.mpn.gov.rs\/handle\/123456789\/4968\">[NaRDuS]<\/a><\/li>\n<li>Milo\u0161 Utvi\u0107,\u00a0<em>The construction of reference corpus of contemporary Serbian<\/em> &#8211;\u00a0<em>PhD thesis<\/em>, Belgrade:\u00a0University of Belgrade, Faculty of Philology,\u00a02014.\u00a0<a href=\"https:\/\/nardus.mpn.gov.rs\/handle\/123456789\/4091\">[NaRDuS]<\/a><\/li>\n<li>Ranka Stankovi\u0107,\u00a0Modeli ekspanzije upita nad tekstuelnim resursima &#8211; <em>PhD thesis<\/em>,\u00a0Belgrade:\u00a0University of Belgrade, Faculty of Mathematics, 2009.<\/li>\n<li>Cvetana Krstev,\u00a0<em>Jedan prilaz informati\u010dkom modeliranju teksta i algoritmi njegove transformacije<\/em> &#8211;\u00a0<em>PhD thesis<\/em>,\u00a0Belgrade:\u00a0University of Belgrade, Faculty of Mathematics, 1997.\u00a0<a href=\"https:\/\/nardus.mpn.gov.rs\/handle\/123456789\/2851\" target=\"_blank\" rel=\"noopener\">[NaRDuS]<\/a><\/li>\n<li>Du\u0161ko Vitas,\u00a0<em>Matemati\u010dki model morfologije srpskohrvatskog jezika (imenska fleksija) &#8211;\u00a0<\/em><em>PhD thesis<\/em>,\u00a0Belgrade:\u00a0University of Belgrade, Faculty of Mathematics, 1993.<\/li>\n<\/ul>\n\n\n<p><\/p>\n","protected":false},"excerpt":{"rendered":"<p>\u00a0 Mihailo \u0160kori\u0107,\u00a0Composite pseudogrammars based on parallel language models of Serbian-\u00a0PhD thesis, Belgrade: University of Belgrade, 2023. Milena Milinkovi\u0107, The development of library and lanaguage resources for organizing and finding information on spatial planning\u00a0&#8211;\u00a0PhD thesis, Belgrade: University of Belgrade, Faculty of Philology, 2022. [NaRDuS] Biljana Rujevi\u0107, Dictionaries in digital age&#8230;<\/p>\n<p class=\"continue-reading-button\"> <a class=\"continue-reading-link\" href=\"https:\/\/jerteh.rs\/index.php\/en\/phd-and-master-thesis\/\">\u041f\u0440\u043e\u0447\u0438\u0442\u0430\u0458\u0442\u0435 \u0432\u0438\u0448\u0435<i class=\"crycon-right-dir\"><\/i><\/a><\/p>\n","protected":false},"author":1,"featured_media":0,"parent":0,"menu_order":0,"comment_status":"closed","ping_status":"closed","template":"","meta":{"footnotes":""},"class_list":["post-628","page","type-page","status-publish","hentry"],"_links":{"self":[{"href":"https:\/\/jerteh.rs\/index.php\/wp-json\/wp\/v2\/pages\/628","targetHints":{"allow":["GET"]}}],"collection":[{"href":"https:\/\/jerteh.rs\/index.php\/wp-json\/wp\/v2\/pages"}],"about":[{"href":"https:\/\/jerteh.rs\/index.php\/wp-json\/wp\/v2\/types\/page"}],"author":[{"embeddable":true,"href":"https:\/\/jerteh.rs\/index.php\/wp-json\/wp\/v2\/users\/1"}],"replies":[{"embeddable":true,"href":"https:\/\/jerteh.rs\/index.php\/wp-json\/wp\/v2\/comments?post=628"}],"version-history":[{"count":4,"href":"https:\/\/jerteh.rs\/index.php\/wp-json\/wp\/v2\/pages\/628\/revisions"}],"predecessor-version":[{"id":884,"href":"https:\/\/jerteh.rs\/index.php\/wp-json\/wp\/v2\/pages\/628\/revisions\/884"}],"wp:attachment":[{"href":"https:\/\/jerteh.rs\/index.php\/wp-json\/wp\/v2\/media?parent=628"}],"curies":[{"name":"wp","href":"https:\/\/api.w.org\/{rel}","templated":true}]}}