{"id":684,"date":"2023-02-20T11:52:02","date_gmt":"2023-02-20T11:52:02","guid":{"rendered":"http:\/\/stari.jerteh.rs\/?page_id=684"},"modified":"2023-02-20T11:52:02","modified_gmt":"2023-02-20T11:52:02","slug":"objectives-and-founders","status":"publish","type":"page","link":"https:\/\/jerteh.rs\/index.php\/en\/objectives-and-founders\/","title":{"rendered":"Objectives and founders"},"content":{"rendered":"<h3 style=\"text-align: justify;\">JeRTex Objectives<\/h3>\n<p style=\"text-align: justify;\">The Society was established in order to achieve the objectives in the field of promotion, popularization of all branches of linguistic technology in scientific, professional and practical level.<\/p>\n<p style=\"text-align: justify;\">The Society was founded in order to achieve the following goals;<br \/>\n1) creation and implementation of the programs and the projects, either independently or with the support and cooperation of other entities;<br \/>\n2) organizing scientific and other meetings, seminars, conferences, lectures, panel discussions, workshops, conferences and other public events and educations;<br \/>\n3) publication of books, manuals, newsletters and other publications in print and electronic form;<br \/>\n4) exchanging opinions and sharing advice while achieving the goals;<br \/>\n5) cooperation with educational and research institutions, associations, public authorities, companies and other entities in Serbia and abroad;<br \/>\n6) performing the other activities necessary for the achievement of the objectives of the association in accordance with the law.<\/p>\n<h3 style=\"text-align: justify;\">Founders:<\/h3>\n<p><a href=\"http:\/\/poincare.matf.bg.ac.rs\/~vitas\/\">Du\u0161ko Vitas<\/a><br \/>\n<a href=\"http:\/\/poincare.matf.bg.ac.rs\/~gordana\/\/\">Gordana Pavlovi\u0107 La\u017eeti\u0107<\/a><br \/>\n<a href=\"http:\/\/mtt.gov.rs\/sektori\/sektor-za-ekomunikacije-informaciono-drustvo-i-postanski-saobracaj\/nebojsa-vasiljevic\/\">Neboj\u0161a Vasiljevi\u0107<\/a><br \/>\n<a href=\"http:\/\/www.rgf.bg.ac.rs\/LicnePrezentacije\/ivan_obradovic\/\">Ivan Obradovi\u0107<\/a><br \/>\n<a href=\"http:\/\/www.rgf.bg.ac.rs\/profesor.php?id=219&amp;lang=sr\">Ranka Stankovi\u0107<\/a><br \/>\n<a href=\"http:\/\/poincare.matf.bg.ac.rs\/~cvetana\/\">Cvetana Krstev<\/a><br \/>\n<a href=\"http:\/\/poincare.matf.bg.ac.rs\/~stasa\/\">Sta\u0161a Vuji\u010di\u0107 Stankovi\u0107<\/a><br \/>\n<a href=\"http:\/\/www.agrif.bg.ac.rs\/profiles\/view\/137\">Vesna Paji\u0107<\/a><br \/>\n<a href=\"http:\/\/poincare.matf.bg.ac.rs\/~jtomasevic\/\/\">Jelena Graovac<\/a><br \/>\n<a href=\"http:\/\/www.fim.uni-passau.de\/en\/digital-libraries\/staff\/?module=Persondetails&amp;target=106841&amp;source=106841&amp;config_id=7159c8d0d2d665b0640649fe924a184b&amp;range_id=adeb76e7b9b9ddc19a5fd6e1c28417cf&amp;username=mitrov01&amp;hash=543318218\">Jelena Mitrovi\u0107<\/a><br \/>\nMirko Spasi\u0107<br \/>\nMiljana Mladenovi\u0107<br \/>\n<a href=\"http:\/\/poincare.matf.bg.ac.rs\/~andjelkaz\/\">An\u0111elka Ze\u010devi\u0107<\/a><br \/>\n<a href=\"http:\/\/www.fil.bg.ac.rs\/misko\/\">Milo\u0161 Utvi\u0107<\/a><br \/>\nAleksandra Trtovac<br \/>\nJelena Andonovski<br \/>\nSanja Antoni\u0107<br \/>\nBojana \u0110or\u0111evi\u0107<br \/>\nJelena Ja\u0107imovi\u0107<br \/>\nBiljana Lazi\u0107<\/p>\n<p>&nbsp;<br \/>\n<img decoding=\"async\" src=\"https:\/\/jerteh.rs\/wp-content\/uploads\/2015\/05\/Osnivaci_JerTeha.jpg\" alt=\"Osniva\u010dka skup\u0161tina\"><\/p>\n","protected":false},"excerpt":{"rendered":"<p>JeRTex Objectives The Society was established in order to achieve the objectives in the field of promotion, popularization of all branches of linguistic technology in scientific, professional and practical level. The Society was founded in order to achieve the following goals; 1) creation and implementation of the programs and the&#8230;<\/p>\n<p class=\"continue-reading-button\"> <a class=\"continue-reading-link\" href=\"https:\/\/jerteh.rs\/index.php\/en\/objectives-and-founders\/\">\u041f\u0440\u043e\u0447\u0438\u0442\u0430\u0458\u0442\u0435 \u0432\u0438\u0448\u0435<i class=\"crycon-right-dir\"><\/i><\/a><\/p>\n","protected":false},"author":1,"featured_media":0,"parent":0,"menu_order":0,"comment_status":"closed","ping_status":"closed","template":"","meta":{"footnotes":""},"class_list":["post-684","page","type-page","status-publish","hentry"],"_links":{"self":[{"href":"https:\/\/jerteh.rs\/index.php\/wp-json\/wp\/v2\/pages\/684","targetHints":{"allow":["GET"]}}],"collection":[{"href":"https:\/\/jerteh.rs\/index.php\/wp-json\/wp\/v2\/pages"}],"about":[{"href":"https:\/\/jerteh.rs\/index.php\/wp-json\/wp\/v2\/types\/page"}],"author":[{"embeddable":true,"href":"https:\/\/jerteh.rs\/index.php\/wp-json\/wp\/v2\/users\/1"}],"replies":[{"embeddable":true,"href":"https:\/\/jerteh.rs\/index.php\/wp-json\/wp\/v2\/comments?post=684"}],"version-history":[{"count":1,"href":"https:\/\/jerteh.rs\/index.php\/wp-json\/wp\/v2\/pages\/684\/revisions"}],"predecessor-version":[{"id":685,"href":"https:\/\/jerteh.rs\/index.php\/wp-json\/wp\/v2\/pages\/684\/revisions\/685"}],"wp:attachment":[{"href":"https:\/\/jerteh.rs\/index.php\/wp-json\/wp\/v2\/media?parent=684"}],"curies":[{"name":"wp","href":"https:\/\/api.w.org\/{rel}","templated":true}]}}